{"id":118,"date":"2020-08-21T11:39:46","date_gmt":"2020-08-21T11:39:46","guid":{"rendered":"https:\/\/kita-rubensstrasse.de\/?page_id=118"},"modified":"2025-10-22T08:22:17","modified_gmt":"2025-10-22T08:22:17","slug":"team","status":"publish","type":"page","link":"https:\/\/kita-rubensstrasse.de\/?page_id=118","title":{"rendered":"Team"},"content":{"rendered":"\n<div class=\"is-layout-flow wp-block-group\"><div class=\"wp-block-group__inner-container\">\n<figure class=\"is-layout-flex wp-block-gallery-1 wp-block-gallery has-nested-images columns-default is-cropped\">\n<figure class=\"wp-block-image size-large\"><img decoding=\"async\" loading=\"lazy\" width=\"1024\" height=\"694\" src=\"https:\/\/kita-rubensstrasse.de\/wp-content\/uploads\/2025\/10\/TEam-Hompage-1024x694.jpg\" alt=\"\" class=\"wp-image-749\" srcset=\"https:\/\/kita-rubensstrasse.de\/wp-content\/uploads\/2025\/10\/TEam-Hompage-1024x694.jpg 1024w, https:\/\/kita-rubensstrasse.de\/wp-content\/uploads\/2025\/10\/TEam-Hompage-300x203.jpg 300w, https:\/\/kita-rubensstrasse.de\/wp-content\/uploads\/2025\/10\/TEam-Hompage-768x521.jpg 768w, https:\/\/kita-rubensstrasse.de\/wp-content\/uploads\/2025\/10\/TEam-Hompage-1536x1042.jpg 1536w, https:\/\/kita-rubensstrasse.de\/wp-content\/uploads\/2025\/10\/TEam-Hompage-2048x1389.jpg 2048w\" sizes=\"(max-width: 1024px) 100vw, 1024px\" \/><\/figure>\n<\/figure>\n\n\n\n<p><strong>Kindergartenleitung:<\/strong> Claudia Scharpenack <br>Staatlich anerkannte Erzieherin, Leitungsqualifikation<br><br><strong>1. Gruppe<\/strong> (Rote Gruppe): Katharina Aichinger<br>Gruppenleitung, Staatlich anerkannte Erzieherin<br><br><strong>2. Gruppe<\/strong> (Blaue Gruppe): Tanja Dattenberg<br>Gruppenleitung, Staatlich anerkannte Erzieherin<br><br><strong>3. Gruppe<\/strong> (Gr\u00fcne Gruppe): Sabine Z\u00fcndorf<br>Gruppenleitung, Staatlich anerkannte Erzieherin, Fachkraft f\u00fcr Reggiop\u00e4dagogik<\/p>\n<\/div><\/div>\n\n\n\n<h2>Pfarrerin <\/h2>\n\n\n\n<figure class=\"wp-block-image is-resized size-small is-style-default\"><img decoding=\"async\" loading=\"lazy\" src=\"https:\/\/kita-rubensstrasse.de\/wp-content\/uploads\/2020\/09\/Pfarrerin-768x1024.jpg\" alt=\"\" class=\"wp-image-181\" width=\"290\" height=\"387\" srcset=\"https:\/\/kita-rubensstrasse.de\/wp-content\/uploads\/2020\/09\/Pfarrerin-768x1024.jpg 768w, https:\/\/kita-rubensstrasse.de\/wp-content\/uploads\/2020\/09\/Pfarrerin-225x300.jpg 225w, https:\/\/kita-rubensstrasse.de\/wp-content\/uploads\/2020\/09\/Pfarrerin-1152x1536.jpg 1152w, https:\/\/kita-rubensstrasse.de\/wp-content\/uploads\/2020\/09\/Pfarrerin.jpg 1536w\" sizes=\"(max-width: 290px) 100vw, 290px\" \/><figcaption class=\"wp-element-caption\">Frau D\u00e4hnick<\/figcaption><\/figure>\n\n\n\n<p>\u201e<em><strong>Wenn du ein Kind siehst, begegnest du Gott auf frischer Tat.\u201c <\/strong><\/em><em><strong>Martin Luther<\/strong><\/em><\/p>\n\n\n\n<p>Vielleicht bin ich Ihnen bereits hier und da schon begegnet, vielleicht aber noch nicht.<br>Deshalb stelle ich mich kurz vor.<br>Im August wurde Pfarrerin Wiederspahn in ihren wohlverdienten Ruhestand verabschiedet und so mancher fragte sich, wie geht es denn jetzt weiter? Kommt da noch jemand nach? Und wer?<br>Ich bin hier in der Evangelischen Kirchengemeinde Vohwinkel die neu dazugekommene Pfarrerin und kann nun ganz praktisch mit Ihnen ins Gespr\u00e4ch kommen.<br>Bisher war ich Schulpfarrerin am Wilhelm-D\u00f6rpfeld-Gymnasium. Neben dem Unterricht bis zum Abitur, war ich dar\u00fcber hinaus Schulseelsorgerin und Teil des Beratungsteams an der Schule.<br>Besonders freut mich, dass ich jetzt die Kita der Evangelischen Elterninitiative hier in der Rubensstra\u00dfe als Pfarrerin begleiten darf und sozusagen jetzt mit den Kleinen \u201emit im Boot\u201c bin.<br>\u201eGott auf frischer Tat\u201c begegnen &#8211; in jedem Kind, in jedem Menschen ein Gesch\u00f6pf Gottes sehen, das ist die Grundlage des christlichen Menschenbildes.<br>Und das hei\u00dft doch, jedes Kind mit seinen St\u00e4rken und Besonderheiten zun\u00e4chst als einen einzigartigen Menschen anzunehmen, ihn wertzusch\u00e4tzen, zu f\u00f6rdern und darin zu best\u00e4rken. Darum m\u00f6chte ich gern mit \u201eim Boot\u201c sitzen, mich mit Kindern auf die Reise machen den Geschichten der Bibel, den Geschichten von Jesus zu begegnen, Geschichten des Lebens zu entdecken; Gottesdienst zu feiern, zu singen und gemeinsam zu beten &#8211; gerade dann auch immer wieder &#8211; \u201eGott auf frischer Tat zu ertappen.\u201c<br>Sprechen Sie mich an, direkt oder auch \u00fcber die Mitarbeiter\/innen der Elterninitiative.<br>Kontaktdaten: E-Mail: <a href=\"mailto:bettina.daehnick@ekir.de\">bettina.daehnick@ekir.de<\/a>, Tel. 0202\/78 67 413<\/p>\n\n\n\n<h2>Elternrat<\/h2>\n\n\n\n<p><strong>Rote Gruppe:<\/strong><br>Aileen Ludwig  (Mitglied)<br>Katharina Perleberg  (Stellvertreterin)<\/p>\n\n\n\n<p><strong>Blaue Gruppe:<\/strong><br>Charline Kaplon  (Mitglied)<br>Patrick Weil  (Stellvertreter)<\/p>\n\n\n\n<p><strong>Gr\u00fcne Gruppe:<\/strong><br>Ninette Lackner (Mitglied)<br>Jessica J\u00fcrgens ( Stellvertreterin)<br><\/p>\n\n\n\n<p><\/p>\n\n\n\n<p><\/p>\n","protected":false},"excerpt":{"rendered":"<p>Kindergartenleitung: Claudia Scharpenack Staatlich anerkannte Erzieherin, Leitungsqualifikation 1. Gruppe (Rote Gruppe): Katharina AichingerGruppenleitung, Staatlich anerkannte Erzieherin 2. Gruppe (Blaue Gruppe): &hellip; <\/p>\n","protected":false},"author":1,"featured_media":0,"parent":0,"menu_order":0,"comment_status":"closed","ping_status":"closed","template":"","meta":[],"_links":{"self":[{"href":"https:\/\/kita-rubensstrasse.de\/index.php?rest_route=\/wp\/v2\/pages\/118"}],"collection":[{"href":"https:\/\/kita-rubensstrasse.de\/index.php?rest_route=\/wp\/v2\/pages"}],"about":[{"href":"https:\/\/kita-rubensstrasse.de\/index.php?rest_route=\/wp\/v2\/types\/page"}],"author":[{"embeddable":true,"href":"https:\/\/kita-rubensstrasse.de\/index.php?rest_route=\/wp\/v2\/users\/1"}],"replies":[{"embeddable":true,"href":"https:\/\/kita-rubensstrasse.de\/index.php?rest_route=%2Fwp%2Fv2%2Fcomments&post=118"}],"version-history":[{"count":25,"href":"https:\/\/kita-rubensstrasse.de\/index.php?rest_route=\/wp\/v2\/pages\/118\/revisions"}],"predecessor-version":[{"id":750,"href":"https:\/\/kita-rubensstrasse.de\/index.php?rest_route=\/wp\/v2\/pages\/118\/revisions\/750"}],"wp:attachment":[{"href":"https:\/\/kita-rubensstrasse.de\/index.php?rest_route=%2Fwp%2Fv2%2Fmedia&parent=118"}],"curies":[{"name":"wp","href":"https:\/\/api.w.org\/{rel}","templated":true}]}}