{"id":116,"date":"2020-08-21T11:39:24","date_gmt":"2020-08-21T11:39:24","guid":{"rendered":"https:\/\/kita-rubensstrasse.de\/?page_id=116"},"modified":"2025-10-22T08:10:21","modified_gmt":"2025-10-22T08:10:21","slug":"einrichtung","status":"publish","type":"page","link":"https:\/\/kita-rubensstrasse.de\/?page_id=116","title":{"rendered":"Einrichtung"},"content":{"rendered":"\n<figure class=\"wp-block-video\"><video controls src=\"https:\/\/kita-rubensstrasse.de\/wp-content\/uploads\/2021\/09\/Teil-1.mp4\"><\/video><\/figure>\n\n\n\n<figure class=\"wp-block-video\"><video controls src=\"https:\/\/kita-rubensstrasse.de\/wp-content\/uploads\/2021\/09\/Teil2.mp4\"><\/video><\/figure>\n\n\n\n<div class=\"is-layout-flow wp-block-group\"><div class=\"wp-block-group__inner-container\">\n<figure class=\"wp-block-video\"><video controls src=\"https:\/\/kita-rubensstrasse.de\/wp-content\/uploads\/2021\/09\/Teil3.mp4\"><\/video><\/figure>\n\n\n\n<h2>Raumgestaltung<\/h2>\n\n\n\n<div class=\"is-layout-flow wp-block-group\"><div class=\"wp-block-group__inner-container\">\n<p>Im oberen Bereich des Hauses gibt es:<\/p>\n\n\n\n<ul>\n<li>3 Gruppenr\u00e4ume sowie 4 kleinere Nebenr\u00e4ume \u2013 (individuell nach den jeweiligen Bed\u00fcrfnissen der Kinder gestaltet)<\/li>\n\n\n\n<li>2 Waschr\u00e4ume mit insgesamt 5 WCs und Dusche f\u00fcr die Kinder und 2 Wickelbereiche<\/li>\n\n\n\n<li>1 B\u00fcro<\/li>\n\n\n\n<li>1 Mitarbeiterraum<\/li>\n\n\n\n<li>2 WCs f\u00fcr Erwachsene<\/li>\n\n\n\n<li>Flur mit Garderobenschr\u00e4nken f\u00fcr die Kinder<\/li>\n<\/ul>\n\n\n\n<p>Im unteren Bereich befinden sich:<\/p>\n<\/div><\/div>\n\n\n\n<ul>\n<li>1 Turnraum (auch f\u00fcr Kindergartengottesdienste, gemeinsame Veranstaltungen und Elternabende nutzbar)<\/li>\n\n\n\n<li>1 Raum f\u00fcr gemeinsame Aktionen wie z.B. der Expertengruppe<\/li>\n\n\n\n<li>2 Abstellr\u00e4ume und Materialraum<\/li>\n\n\n\n<li>1 Putzkammer<\/li>\n\n\n\n<li>1 K\u00fcche, in der das angelieferte Mittagessen erw\u00e4rmt wird<\/li>\n\n\n\n<li>1 Toilettenraum mit 2 WCs f\u00fcr Kinder<\/li>\n\n\n\n<li>ein gro\u00dfer Vorraum, der als Essbereich f\u00fcr die \u00dcbermittags-Kinder dient<\/li>\n<\/ul>\n\n\n\n<p>Eine Treppe verbindet beide Bereiche. Alle R\u00e4ume sind offen und das gesamte Haus bietet den Kindern die M\u00f6glichkeit zur freien Bewegung. <br>Ein Baubereich mit verschiedenen Baumaterialien l\u00e4dt genauso ein wie Spielteppiche mit verschiedenen Konstruktionsmaterialien. <br>Ein Theaterbereich mit Verkleidungs- und Schminkutensilien gibt Raum f\u00fcr verschiedenste Rollenspiele. Atelier und Werktisch regen mit unterschiedlichsten Materialen die Kreativit\u00e4t der Kinder an.<br>Ein gro\u00dfz\u00fcgiges Au\u00dfengel\u00e4nde mit Sandkasten, Nestschaukel, Blockh\u00e4usern und Begr\u00fcnung l\u00e4dt ein zum freien Spiel, Forschen und Entdecken.<br><\/p>\n\n\n<div class=\"wp-block-image is-style-default\">\n<figure class=\"aligncenter size-large\"><img decoding=\"async\" loading=\"lazy\" width=\"1024\" height=\"768\" src=\"https:\/\/kita-rubensstrasse.de\/wp-content\/uploads\/2020\/08\/20160825_080710-1-1024x768.jpg\" alt=\"\" class=\"wp-image-140\" srcset=\"https:\/\/kita-rubensstrasse.de\/wp-content\/uploads\/2020\/08\/20160825_080710-1-1024x768.jpg 1024w, https:\/\/kita-rubensstrasse.de\/wp-content\/uploads\/2020\/08\/20160825_080710-1-300x225.jpg 300w, https:\/\/kita-rubensstrasse.de\/wp-content\/uploads\/2020\/08\/20160825_080710-1-768x576.jpg 768w, https:\/\/kita-rubensstrasse.de\/wp-content\/uploads\/2020\/08\/20160825_080710-1-1536x1152.jpg 1536w, https:\/\/kita-rubensstrasse.de\/wp-content\/uploads\/2020\/08\/20160825_080710-1-2048x1536.jpg 2048w\" sizes=\"(max-width: 1024px) 100vw, 1024px\" \/><figcaption class=\"wp-element-caption\">Au\u00dfengel\u00e4nde<\/figcaption><\/figure><\/div><\/div><\/div>\n\n\n\n<h2>Spielbereiche<\/h2>\n\n\n\n<p>Gruppenr\u00e4ume<\/p>\n\n\n\n<figure class=\"wp-block-image size-large is-style-default\"><img decoding=\"async\" loading=\"lazy\" width=\"768\" height=\"1024\" src=\"https:\/\/kita-rubensstrasse.de\/wp-content\/uploads\/2020\/08\/IMG_9806-768x1024.jpg\" alt=\"\" class=\"wp-image-176\" srcset=\"https:\/\/kita-rubensstrasse.de\/wp-content\/uploads\/2020\/08\/IMG_9806-768x1024.jpg 768w, https:\/\/kita-rubensstrasse.de\/wp-content\/uploads\/2020\/08\/IMG_9806-225x300.jpg 225w, https:\/\/kita-rubensstrasse.de\/wp-content\/uploads\/2020\/08\/IMG_9806-1152x1536.jpg 1152w, https:\/\/kita-rubensstrasse.de\/wp-content\/uploads\/2020\/08\/IMG_9806.jpg 1536w\" sizes=\"(max-width: 768px) 100vw, 768px\" \/><\/figure>\n\n\n\n<figure class=\"wp-block-image size-large is-style-default\"><img decoding=\"async\" loading=\"lazy\" width=\"1024\" height=\"768\" src=\"https:\/\/kita-rubensstrasse.de\/wp-content\/uploads\/2020\/08\/IMG_9809-1024x768.jpg\" alt=\"\" class=\"wp-image-177\" srcset=\"https:\/\/kita-rubensstrasse.de\/wp-content\/uploads\/2020\/08\/IMG_9809-1024x768.jpg 1024w, https:\/\/kita-rubensstrasse.de\/wp-content\/uploads\/2020\/08\/IMG_9809-300x225.jpg 300w, https:\/\/kita-rubensstrasse.de\/wp-content\/uploads\/2020\/08\/IMG_9809-768x576.jpg 768w, https:\/\/kita-rubensstrasse.de\/wp-content\/uploads\/2020\/08\/IMG_9809-1536x1152.jpg 1536w, https:\/\/kita-rubensstrasse.de\/wp-content\/uploads\/2020\/08\/IMG_9809.jpg 2048w\" sizes=\"(max-width: 1024px) 100vw, 1024px\" \/><\/figure>\n\n\n\n<p><br>Konstruktionsbereich<br>Atelier mit Werkraum<\/p>\n\n\n\n<p>Regel- und Gesellschaftsspiele <br>Theater- und Rollenspielbereich<\/p>\n\n\n\n<p><\/p>\n","protected":false},"excerpt":{"rendered":"<p>Raumgestaltung Im oberen Bereich des Hauses gibt es: Im unteren Bereich befinden sich: Eine Treppe verbindet beide Bereiche. Alle R\u00e4ume &hellip; <\/p>\n","protected":false},"author":1,"featured_media":0,"parent":0,"menu_order":0,"comment_status":"closed","ping_status":"closed","template":"","meta":[],"_links":{"self":[{"href":"https:\/\/kita-rubensstrasse.de\/index.php?rest_route=\/wp\/v2\/pages\/116"}],"collection":[{"href":"https:\/\/kita-rubensstrasse.de\/index.php?rest_route=\/wp\/v2\/pages"}],"about":[{"href":"https:\/\/kita-rubensstrasse.de\/index.php?rest_route=\/wp\/v2\/types\/page"}],"author":[{"embeddable":true,"href":"https:\/\/kita-rubensstrasse.de\/index.php?rest_route=\/wp\/v2\/users\/1"}],"replies":[{"embeddable":true,"href":"https:\/\/kita-rubensstrasse.de\/index.php?rest_route=%2Fwp%2Fv2%2Fcomments&post=116"}],"version-history":[{"count":16,"href":"https:\/\/kita-rubensstrasse.de\/index.php?rest_route=\/wp\/v2\/pages\/116\/revisions"}],"predecessor-version":[{"id":747,"href":"https:\/\/kita-rubensstrasse.de\/index.php?rest_route=\/wp\/v2\/pages\/116\/revisions\/747"}],"wp:attachment":[{"href":"https:\/\/kita-rubensstrasse.de\/index.php?rest_route=%2Fwp%2Fv2%2Fmedia&parent=116"}],"curies":[{"name":"wp","href":"https:\/\/api.w.org\/{rel}","templated":true}]}}