{"id":109,"date":"2020-08-21T11:20:46","date_gmt":"2020-08-21T11:20:46","guid":{"rendered":"https:\/\/kita-rubensstrasse.de\/?page_id=109"},"modified":"2025-10-16T09:09:34","modified_gmt":"2025-10-16T09:09:34","slug":"foerderverein","status":"publish","type":"page","link":"https:\/\/kita-rubensstrasse.de\/?page_id=109","title":{"rendered":"F\u00f6rderverein"},"content":{"rendered":"\n<p>Der F\u00f6rderverein Freundeskreis der evangelischen Elterninitiative Rubensstra\u00dfe e.V. ist ein gemeinn\u00fctziger Verein, eingetragen im Vereinsregister des Amtsgerichts Wuppertal.<br>Aufgabe und Ziel des Vereins ist es, die Kindergartenarbeit finanziell zu unterst\u00fctzen. Wir helfen bei der Beschaffung von Spielsachen und Spielger\u00e4ten wie z.B. Fahrr\u00e4dern, Puppen, Schaukel etc. Auch die Auswirkungen der Kosteneinsparungen seitens des Tr\u00e4gers k\u00f6nnen durch unsere Hilfe gemildert werden.<br>Wir finanzieren uns durch Mitgliedsbeitr\u00e4ge und Spenden. Die Mitarbeit ist ehrenamtlich. Die eingenommenen Gelder kommen ausschlie\u00dflich dem Kindergarten zu Gute.<br>Der Jahresbeitrag betr\u00e4gt 12,00 Euro und ein Beitritt ist jederzeit m\u00f6glich. Die Mitgliedschaft kann m\u00fcndlich oder schriftlich gegen\u00fcber dem Vorstand beendet werden.Wir ben\u00f6tigen Ihre Unterst\u00fctzung und w\u00fcrden uns freuen, Sie als Mitglied gewinnen zu k\u00f6nnen.Dankbar sind wir auch \u00fcber jede Spende, f\u00fcr die wir Ihnen auf Wunsch eine vom Finanzamt anerkannte Spendenquittung ausstellen k\u00f6nnen. Bei Fragen oder Anregungen k\u00f6nnen Sie uns unter unserer E-Mail-Adresse oder \u00fcber den Kindergarten erreichen.<\/p>\n\n\n\n<p><br>Freundeskreis der evangelischen Elterninitiative Rubensstra\u00dfe e.V.<br>Rubensstra\u00dfe 12a<br>42329 Wuppertal<br>Bankverbindung: Stadtsparkasse Wuppertal<br>IBAN: DE 39330500000000550244<br><br><a rel=\"noreferrer noopener\" href=\"mailto:Kindergarten-Freundeskreis@gmx.de\" target=\"_blank\">Kindergarten.freundeskreis@gmx.de<\/a><\/p>\n","protected":false},"excerpt":{"rendered":"<p>Der F\u00f6rderverein Freundeskreis der evangelischen Elterninitiative Rubensstra\u00dfe e.V. ist ein gemeinn\u00fctziger Verein, eingetragen im Vereinsregister des Amtsgerichts Wuppertal.Aufgabe und Ziel &hellip; <\/p>\n","protected":false},"author":1,"featured_media":0,"parent":0,"menu_order":0,"comment_status":"closed","ping_status":"closed","template":"","meta":[],"_links":{"self":[{"href":"https:\/\/kita-rubensstrasse.de\/index.php?rest_route=\/wp\/v2\/pages\/109"}],"collection":[{"href":"https:\/\/kita-rubensstrasse.de\/index.php?rest_route=\/wp\/v2\/pages"}],"about":[{"href":"https:\/\/kita-rubensstrasse.de\/index.php?rest_route=\/wp\/v2\/types\/page"}],"author":[{"embeddable":true,"href":"https:\/\/kita-rubensstrasse.de\/index.php?rest_route=\/wp\/v2\/users\/1"}],"replies":[{"embeddable":true,"href":"https:\/\/kita-rubensstrasse.de\/index.php?rest_route=%2Fwp%2Fv2%2Fcomments&post=109"}],"version-history":[{"count":11,"href":"https:\/\/kita-rubensstrasse.de\/index.php?rest_route=\/wp\/v2\/pages\/109\/revisions"}],"predecessor-version":[{"id":741,"href":"https:\/\/kita-rubensstrasse.de\/index.php?rest_route=\/wp\/v2\/pages\/109\/revisions\/741"}],"wp:attachment":[{"href":"https:\/\/kita-rubensstrasse.de\/index.php?rest_route=%2Fwp%2Fv2%2Fmedia&parent=109"}],"curies":[{"name":"wp","href":"https:\/\/api.w.org\/{rel}","templated":true}]}}